{"id":18,"date":"2016-01-15T21:29:36","date_gmt":"2016-01-15T21:29:36","guid":{"rendered":"http:\/\/theme-fusion.com\/avada\/classic\/?page_id=18"},"modified":"2020-06-04T07:23:01","modified_gmt":"2020-06-04T07:23:01","slug":"home","status":"publish","type":"page","link":"https:\/\/leucimotorsport.de\/","title":{"rendered":"Leuci Motorsport MX &#038; Enduro Ersatzteile | Bekleidung"},"content":{"rendered":"<p><div class=\"fusion-fullwidth fullwidth-box fusion-builder-row-1 nonhundred-percent-fullwidth non-hundred-percent-height-scrolling\" style=\"background-color: rgba(255,255,255,0);background-position: left top;background-repeat: no-repeat;padding-top:60px;padding-right:0px;padding-bottom:70px;padding-left:0px;margin-bottom: 0px;margin-top: 0px;border-width: 0px 0px 0px 0px;border-color:#eae9e9;border-style:solid;\" ><div class=\"fusion-builder-row fusion-row\"><div class=\"fusion-layout-column fusion_builder_column fusion-builder-column-0 fusion_builder_column_1_1 1_1 fusion-one-full fusion-column-first fusion-column-last fusion-column-no-min-height\" style=\"margin-top:0px;margin-bottom:20px;\"><div class=\"fusion-column-wrapper fusion-flex-column-wrapper-legacy\" style=\"background-position:left top;background-blend-mode: overlay;background-repeat:no-repeat;-webkit-background-size:cover;-moz-background-size:cover;-o-background-size:cover;background-size:cover;padding: 0px 0px 20px 0px;\"><style type=\"text\/css\"><\/style><div class=\"fusion-title title fusion-title-1 fusion-sep-none fusion-title-center fusion-title-text fusion-title-size-two\" style=\"margin-top:0px;margin-right:0px;margin-bottom:30px;margin-left:0px;\"><h2 class=\"title-heading-center\" style=\"margin:0;color:#f51e25;\">Sch\u00f6n das Du bei uns vorbei schaust!<\/h2><\/div><div class=\"fusion-sep-clear\"><\/div><div class=\"fusion-separator fusion-full-width-sep\" style=\"margin-left: auto;margin-right: auto;margin-top:15px;width:100%;\"><\/div><div class=\"fusion-sep-clear\"><\/div><div class=\"fusion-text fusion-text-1\"><p>Wir sind Leuci Motorsport, Euer Ansprechpartner, wenn es um Motocross und Endurosport geht, im Raum S\u00fcdniedersachsen, Hildesheim, Alfeld, G\u00f6ttingen, Northeim, Einbeck, Hannover, Holzminden!!<\/p>\n<p>Bei uns bekommt Ihr alles, was Ihr zum Motocross und Enduro Racing ben\u00f6tigt!!<\/p>\n<p>Ersatzteile vom Auspuff, Kr\u00fcmmer, Schalld\u00e4mpfer \u00fcber Kupplungs \u2013 und Bremshebel, Bremsbel\u00e4ge, Bremsscheiben, Griffe, Motor\u00f6l, Getriebe\u00f6l, Plastikteile, Ketten, bis hin zur kompletten Motocross Ausr\u00fcstung:<\/p>\n<p>Helme, Stiefel, Brustpanzer, Handschuhe, Cross Hosen, Hemden, Shirts, Jersey und Crossbrillen und vieles mehr, schnell und unkompliziert.<\/p>\n<p>Ebenso bekommt Ihr neue Motorr\u00e4der von Honda, Kawasaki, Suzuki und Yamaha.<\/p>\n<p>Finanzierung m\u00f6glich! *Bei entsprechender Bonit\u00e4t<\/p>\n<p>Ruft uns an oder schreibt uns eine E-Mail!<\/p>\n<\/div><div class=\"fusion-clearfix\"><\/div><\/div><\/div><div class=\"fusion-layout-column fusion_builder_column fusion-builder-column-1 fusion_builder_column_1_3 1_3 fusion-one-third fusion-column-first\" style=\"width:33.333333333333%;width:calc(33.333333333333% - ( ( 4% + 4% ) * 0.33333333333333 ) );margin-right: 4%;margin-top:0px;margin-bottom:20px;\"><div class=\"fusion-column-wrapper fusion-flex-column-wrapper-legacy\" style=\"background-position:left top;background-repeat:no-repeat;-webkit-background-size:cover;-moz-background-size:cover;-o-background-size:cover;background-size:cover;padding: 0px 0px 0px 0px;\"><div class=\"fusion-align-block\"><a class=\"fusion-button button-3d button-large button-darkgray button-1 fusion-button-span-yes \" target=\"_self\" href=\"tel:\/\/01711964907\"><span class=\"fusion-button-icon-divider button-icon-divider-left\"><i class=\"fa-phone-alt fas\" aria-hidden=\"true\"><\/i><\/span><span class=\"fusion-button-text fusion-button-text-left\">0171 \/ 1964907<\/span><\/a><\/div><div class=\"fusion-clearfix\"><\/div><\/div><\/div><div class=\"fusion-layout-column fusion_builder_column fusion-builder-column-2 fusion_builder_column_1_3 1_3 fusion-one-third\" style=\"width:33.333333333333%;width:calc(33.333333333333% - ( ( 4% + 4% ) * 0.33333333333333 ) );margin-right: 4%;margin-top:0px;margin-bottom:20px;\"><div class=\"fusion-column-wrapper fusion-flex-column-wrapper-legacy\" style=\"background-position:left top;background-repeat:no-repeat;-webkit-background-size:cover;-moz-background-size:cover;-o-background-size:cover;background-size:cover;padding: 0px 0px 0px 0px;\"><div class=\"fusion-align-block\"><a class=\"fusion-button button-3d button-large button-darkgray button-2 fusion-button-span-yes \" target=\"_self\"><span class=\"fusion-button-icon-divider button-icon-divider-left\"><i class=\"fa-user-edit fas\" aria-hidden=\"true\"><\/i><\/span><span class=\"fusion-button-text fusion-button-text-left\">Kontaktformular<\/span><\/a><\/div><div class=\"fusion-clearfix\"><\/div><\/div><\/div><div class=\"fusion-layout-column fusion_builder_column fusion-builder-column-3 fusion_builder_column_1_3 1_3 fusion-one-third fusion-column-last\" style=\"width:33.333333333333%;width:calc(33.333333333333% - ( ( 4% + 4% ) * 0.33333333333333 ) );margin-top:0px;margin-bottom:20px;\"><div class=\"fusion-column-wrapper fusion-flex-column-wrapper-legacy\" style=\"background-position:left top;background-repeat:no-repeat;-webkit-background-size:cover;-moz-background-size:cover;-o-background-size:cover;background-size:cover;padding: 0px 0px 0px 0px;\"><div class=\"fusion-align-block\"><a class=\"fusion-button button-3d button-large button-darkgray button-3 fusion-button-span-yes \" target=\"_self\"><span class=\"fusion-button-icon-divider button-icon-divider-left\"><i class=\"fa-map-marked-alt fas\" aria-hidden=\"true\"><\/i><\/span><span class=\"fusion-button-text fusion-button-text-left\">Vor Ort!<\/span><\/a><\/div><div class=\"fusion-clearfix\"><\/div><\/div><\/div><div class=\"fusion-layout-column fusion_builder_column fusion-builder-column-4 fusion_builder_column_1_1 1_1 fusion-one-full fusion-column-first fusion-column-last\" style=\"margin-top:0px;margin-bottom:20px;\"><div class=\"fusion-column-wrapper fusion-flex-column-wrapper-legacy\" style=\"background-position:left top;background-repeat:no-repeat;-webkit-background-size:cover;-moz-background-size:cover;-o-background-size:cover;background-size:cover;padding: 0px 0px 0px 0px;\"><div class=\"fusion-clearfix\"><\/div><\/div><\/div><\/div><\/div><div class=\"fusion-fullwidth fullwidth-box fusion-builder-row-2 nonhundred-percent-fullwidth non-hundred-percent-height-scrolling\" style=\"background-color: rgba(255,255,255,0);background-position: center center;background-repeat: no-repeat;padding-top:0px;padding-right:0px;padding-bottom:0px;padding-left:0px;margin-bottom: 0px;margin-top: 0px;border-width: 0px 0px 0px 0px;border-color:#eae9e9;border-style:solid;\" ><div class=\"fusion-builder-row fusion-row\"><div class=\"fusion-layout-column fusion_builder_column fusion-builder-column-5 fusion_builder_column_1_1 1_1 fusion-one-full fusion-column-first fusion-column-last\" style=\"margin-top:0px;margin-bottom:20px;\"><div class=\"fusion-column-wrapper fusion-flex-column-wrapper-legacy\" style=\"background-position:left top;background-repeat:no-repeat;-webkit-background-size:cover;-moz-background-size:cover;-o-background-size:cover;background-size:cover;padding: 0px 0px 0px 0px;\"><style type=\"text\/css\">.fusion-gallery-1 .fusion-gallery-image {border:0px solid #f6f6f6;}<\/style><div class=\"fusion-gallery fusion-gallery-container fusion-grid-6 fusion-columns-total-15 fusion-gallery-layout-grid fusion-gallery-1\" style=\"margin:-5px;\"><div style=\"padding:5px;\" class=\"fusion-grid-column fusion-gallery-column fusion-gallery-column-6 hover-type-zoomin\"><div class=\"fusion-gallery-image\"><img src=\"https:\/\/leucimotorsport.de\/wp-content\/uploads\/2020\/05\/100_Prozent_.jpg\" width=\"250\" height=\"161\" alt=\"\" title=\"100_Prozent_\" aria-label=\"100_Prozent_\" class=\"img-responsive wp-image-3352 fusion-gallery-image-size-fixed\" srcset=\"https:\/\/leucimotorsport.de\/wp-content\/uploads\/2020\/05\/100_Prozent_-200x129.jpg 200w, https:\/\/leucimotorsport.de\/wp-content\/uploads\/2020\/05\/100_Prozent_.jpg 250w\" sizes=\"(min-width: 2200px) 100vw, (min-width: 1099px) 191px, (min-width: 1007px) 229px, (min-width: 915px) 286px, (min-width: 824px) 382px, (min-width: 732px) 573px, (min-width: 640px) 732px, \" \/><\/div><\/div><div style=\"padding:5px;\" class=\"fusion-grid-column fusion-gallery-column fusion-gallery-column-6 hover-type-zoomin\"><div class=\"fusion-gallery-image\"><img src=\"https:\/\/leucimotorsport.de\/wp-content\/uploads\/2020\/05\/athena-320x120.png\" width=\"320\" height=\"120\" alt=\"\" title=\"athena\" aria-label=\"athena\" class=\"img-responsive wp-image-3354 fusion-gallery-image-size-fixed\" \/><\/div><\/div><div style=\"padding:5px;\" class=\"fusion-grid-column fusion-gallery-column fusion-gallery-column-6 hover-type-zoomin\"><div class=\"fusion-gallery-image\"><img src=\"https:\/\/leucimotorsport.de\/wp-content\/uploads\/2020\/05\/DPBrakes.png\" width=\"250\" height=\"188\" alt=\"\" title=\"DPBrakes\" aria-label=\"DPBrakes\" class=\"img-responsive wp-image-3355 fusion-gallery-image-size-fixed\" srcset=\"https:\/\/leucimotorsport.de\/wp-content\/uploads\/2020\/05\/DPBrakes-200x150.png 200w, https:\/\/leucimotorsport.de\/wp-content\/uploads\/2020\/05\/DPBrakes.png 250w\" sizes=\"(min-width: 2200px) 100vw, (min-width: 1099px) 191px, (min-width: 1007px) 229px, (min-width: 915px) 286px, (min-width: 824px) 382px, (min-width: 732px) 573px, (min-width: 640px) 732px, \" \/><\/div><\/div><div style=\"padding:5px;\" class=\"fusion-grid-column fusion-gallery-column fusion-gallery-column-6 hover-type-zoomin\"><div class=\"fusion-gallery-image\"><img src=\"https:\/\/leucimotorsport.de\/wp-content\/uploads\/2020\/05\/fmf.png\" width=\"250\" height=\"120\" alt=\"\" title=\"fmf\" aria-label=\"fmf\" class=\"img-responsive wp-image-3356 fusion-gallery-image-size-fixed\" srcset=\"https:\/\/leucimotorsport.de\/wp-content\/uploads\/2020\/05\/fmf-200x96.png 200w, https:\/\/leucimotorsport.de\/wp-content\/uploads\/2020\/05\/fmf.png 250w\" sizes=\"(min-width: 2200px) 100vw, (min-width: 1099px) 191px, (min-width: 1007px) 229px, (min-width: 915px) 286px, (min-width: 824px) 382px, (min-width: 732px) 573px, (min-width: 640px) 732px, \" \/><\/div><\/div><div style=\"padding:5px;\" class=\"fusion-grid-column fusion-gallery-column fusion-gallery-column-6 hover-type-zoomin\"><div class=\"fusion-gallery-image\"><img src=\"https:\/\/leucimotorsport.de\/wp-content\/uploads\/2020\/05\/Honda-250x202.jpg\" width=\"250\" height=\"202\" alt=\"\" title=\"Honda\" aria-label=\"Honda\" class=\"img-responsive wp-image-3357 fusion-gallery-image-size-fixed\" \/><\/div><\/div><div style=\"padding:5px;\" class=\"fusion-grid-column fusion-gallery-column fusion-gallery-column-6 hover-type-zoomin\"><div class=\"fusion-gallery-image\"><img src=\"https:\/\/leucimotorsport.de\/wp-content\/uploads\/2020\/05\/kenne_racing.png\" width=\"250\" height=\"106\" alt=\"\" title=\"kenne_racing\" aria-label=\"kenne_racing\" class=\"img-responsive wp-image-3359 fusion-gallery-image-size-fixed\" srcset=\"https:\/\/leucimotorsport.de\/wp-content\/uploads\/2020\/05\/kenne_racing-200x85.png 200w, https:\/\/leucimotorsport.de\/wp-content\/uploads\/2020\/05\/kenne_racing.png 250w\" sizes=\"(min-width: 2200px) 100vw, (min-width: 1099px) 191px, (min-width: 1007px) 229px, (min-width: 915px) 286px, (min-width: 824px) 382px, (min-width: 732px) 573px, (min-width: 640px) 732px, \" \/><\/div><\/div><div class=\"clearfix\"><\/div><div style=\"padding:5px;\" class=\"fusion-grid-column fusion-gallery-column fusion-gallery-column-6 hover-type-zoomin\"><div class=\"fusion-gallery-image\"><img src=\"https:\/\/leucimotorsport.de\/wp-content\/uploads\/2020\/05\/Liqui-moly.jpg\" width=\"250\" height=\"163\" alt=\"\" title=\"Liqui-moly\" aria-label=\"Liqui-moly\" class=\"img-responsive wp-image-3360 fusion-gallery-image-size-fixed\" srcset=\"https:\/\/leucimotorsport.de\/wp-content\/uploads\/2020\/05\/Liqui-moly-200x130.jpg 200w, https:\/\/leucimotorsport.de\/wp-content\/uploads\/2020\/05\/Liqui-moly.jpg 250w\" sizes=\"(min-width: 2200px) 100vw, (min-width: 1099px) 191px, (min-width: 1007px) 229px, (min-width: 915px) 286px, (min-width: 824px) 382px, (min-width: 732px) 573px, (min-width: 640px) 732px, \" \/><\/div><\/div><div style=\"padding:5px;\" class=\"fusion-grid-column fusion-gallery-column fusion-gallery-column-6 hover-type-zoomin\"><div class=\"fusion-gallery-image\"><img src=\"https:\/\/leucimotorsport.de\/wp-content\/uploads\/2020\/05\/MooseRacing.jpg\" width=\"250\" height=\"83\" alt=\"\" title=\"MooseRacing\" aria-label=\"MooseRacing\" class=\"img-responsive wp-image-3361 fusion-gallery-image-size-fixed\" srcset=\"https:\/\/leucimotorsport.de\/wp-content\/uploads\/2020\/05\/MooseRacing-200x66.jpg 200w, https:\/\/leucimotorsport.de\/wp-content\/uploads\/2020\/05\/MooseRacing.jpg 250w\" sizes=\"(min-width: 2200px) 100vw, (min-width: 1099px) 191px, (min-width: 1007px) 229px, (min-width: 915px) 286px, (min-width: 824px) 382px, (min-width: 732px) 573px, (min-width: 640px) 732px, \" \/><\/div><\/div><div style=\"padding:5px;\" class=\"fusion-grid-column fusion-gallery-column fusion-gallery-column-6 hover-type-zoomin\"><div class=\"fusion-gallery-image\"><img src=\"https:\/\/leucimotorsport.de\/wp-content\/uploads\/2020\/05\/NKG.jpg\" width=\"250\" height=\"125\" alt=\"\" title=\"NKG\" aria-label=\"NKG\" class=\"img-responsive wp-image-3362 fusion-gallery-image-size-fixed\" srcset=\"https:\/\/leucimotorsport.de\/wp-content\/uploads\/2020\/05\/NKG-200x100.jpg 200w, https:\/\/leucimotorsport.de\/wp-content\/uploads\/2020\/05\/NKG.jpg 250w\" sizes=\"(min-width: 2200px) 100vw, (min-width: 1099px) 191px, (min-width: 1007px) 229px, (min-width: 915px) 286px, (min-width: 824px) 382px, (min-width: 732px) 573px, (min-width: 640px) 732px, \" \/><\/div><\/div><div style=\"padding:5px;\" class=\"fusion-grid-column fusion-gallery-column fusion-gallery-column-6 hover-type-zoomin\"><div class=\"fusion-gallery-image\"><img src=\"https:\/\/leucimotorsport.de\/wp-content\/uploads\/2020\/05\/odi-grips_logo.png\" width=\"250\" height=\"100\" alt=\"\" title=\"odi-grips_logo\" aria-label=\"odi-grips_logo\" class=\"img-responsive wp-image-3363 fusion-gallery-image-size-fixed\" srcset=\"https:\/\/leucimotorsport.de\/wp-content\/uploads\/2020\/05\/odi-grips_logo-200x80.png 200w, https:\/\/leucimotorsport.de\/wp-content\/uploads\/2020\/05\/odi-grips_logo.png 250w\" sizes=\"(min-width: 2200px) 100vw, (min-width: 1099px) 191px, (min-width: 1007px) 229px, (min-width: 915px) 286px, (min-width: 824px) 382px, (min-width: 732px) 573px, (min-width: 640px) 732px, \" \/><\/div><\/div><div style=\"padding:5px;\" class=\"fusion-grid-column fusion-gallery-column fusion-gallery-column-6 hover-type-zoomin\"><div class=\"fusion-gallery-image\"><img src=\"https:\/\/leucimotorsport.de\/wp-content\/uploads\/2020\/05\/suzuki.png\" width=\"250\" height=\"168\" alt=\"\" title=\"suzuki\" aria-label=\"suzuki\" class=\"img-responsive wp-image-3364 fusion-gallery-image-size-fixed\" srcset=\"https:\/\/leucimotorsport.de\/wp-content\/uploads\/2020\/05\/suzuki-200x134.png 200w, https:\/\/leucimotorsport.de\/wp-content\/uploads\/2020\/05\/suzuki.png 250w\" sizes=\"(min-width: 2200px) 100vw, (min-width: 1099px) 191px, (min-width: 1007px) 229px, (min-width: 915px) 286px, (min-width: 824px) 382px, (min-width: 732px) 573px, (min-width: 640px) 732px, \" \/><\/div><\/div><div style=\"padding:5px;\" class=\"fusion-grid-column fusion-gallery-column fusion-gallery-column-6 hover-type-zoomin\"><div class=\"fusion-gallery-image\"><img src=\"https:\/\/leucimotorsport.de\/wp-content\/uploads\/2020\/05\/thor.png\" width=\"250\" height=\"100\" alt=\"\" title=\"thor\" aria-label=\"thor\" class=\"img-responsive wp-image-3365 fusion-gallery-image-size-fixed\" srcset=\"https:\/\/leucimotorsport.de\/wp-content\/uploads\/2020\/05\/thor-200x80.png 200w, https:\/\/leucimotorsport.de\/wp-content\/uploads\/2020\/05\/thor.png 250w\" sizes=\"(min-width: 2200px) 100vw, (min-width: 1099px) 191px, (min-width: 1007px) 229px, (min-width: 915px) 286px, (min-width: 824px) 382px, (min-width: 732px) 573px, (min-width: 640px) 732px, \" \/><\/div><\/div><div class=\"clearfix\"><\/div><div style=\"padding:5px;\" class=\"fusion-grid-column fusion-gallery-column fusion-gallery-column-6 hover-type-zoomin\"><div class=\"fusion-gallery-image\"><img src=\"https:\/\/leucimotorsport.de\/wp-content\/uploads\/2020\/05\/yamaha.png\" width=\"250\" height=\"141\" alt=\"\" title=\"yamaha\" aria-label=\"yamaha\" class=\"img-responsive wp-image-3366 fusion-gallery-image-size-fixed\" srcset=\"https:\/\/leucimotorsport.de\/wp-content\/uploads\/2020\/05\/yamaha-200x113.png 200w, https:\/\/leucimotorsport.de\/wp-content\/uploads\/2020\/05\/yamaha.png 250w\" sizes=\"(min-width: 2200px) 100vw, (min-width: 1099px) 191px, (min-width: 1007px) 229px, (min-width: 915px) 286px, (min-width: 824px) 382px, (min-width: 732px) 573px, (min-width: 640px) 732px, \" \/><\/div><\/div><div style=\"padding:5px;\" class=\"fusion-grid-column fusion-gallery-column fusion-gallery-column-6 hover-type-zoomin\"><div class=\"fusion-gallery-image\"><img src=\"https:\/\/leucimotorsport.de\/wp-content\/uploads\/2020\/05\/kawasaki-1.png\" width=\"250\" height=\"126\" alt=\"\" title=\"kawasaki\" aria-label=\"kawasaki\" class=\"img-responsive wp-image-3368 fusion-gallery-image-size-fixed\" srcset=\"https:\/\/leucimotorsport.de\/wp-content\/uploads\/2020\/05\/kawasaki-1-200x101.png 200w, https:\/\/leucimotorsport.de\/wp-content\/uploads\/2020\/05\/kawasaki-1.png 250w\" sizes=\"(min-width: 2200px) 100vw, (min-width: 1099px) 191px, (min-width: 1007px) 229px, (min-width: 915px) 286px, (min-width: 824px) 382px, (min-width: 732px) 573px, (min-width: 640px) 732px, \" \/><\/div><\/div><div style=\"padding:5px;\" class=\"fusion-grid-column fusion-gallery-column fusion-gallery-column-6 hover-type-zoomin\"><div class=\"fusion-gallery-image\"><img src=\"https:\/\/leucimotorsport.de\/wp-content\/uploads\/2020\/05\/alpinestars-1-320x177.jpg\" width=\"320\" height=\"177\" alt=\"\" title=\"alpinestars\" aria-label=\"alpinestars\" class=\"img-responsive wp-image-3370 fusion-gallery-image-size-fixed\" \/><\/div><\/div><\/div><div class=\"fusion-clearfix\"><\/div><\/div><\/div><\/div><\/div><\/p>\n","protected":false},"excerpt":{"rendered":"","protected":false},"author":1,"featured_media":0,"parent":0,"menu_order":0,"comment_status":"closed","ping_status":"closed","template":"100-width.php","meta":[],"yoast_head":"<!-- This site is optimized with the Yoast SEO plugin v19.13 - https:\/\/yoast.com\/wordpress\/plugins\/seo\/ -->\n<title>Leuci Motorsport MX &amp; Enduro Ersatzteile | Bekleidung - Leuci Motorsport MX Enduro<\/title>\n<meta name=\"robots\" content=\"index, follow, max-snippet:-1, max-image-preview:large, max-video-preview:-1\" \/>\n<link rel=\"canonical\" href=\"https:\/\/leucimotorsport.de\/\" \/>\n<meta property=\"og:locale\" content=\"de_DE\" \/>\n<meta property=\"og:type\" content=\"article\" \/>\n<meta property=\"og:title\" content=\"Leuci Motorsport MX &amp; Enduro Ersatzteile | Bekleidung - Leuci Motorsport MX Enduro\" \/>\n<meta property=\"og:url\" content=\"https:\/\/leucimotorsport.de\/\" \/>\n<meta property=\"og:site_name\" content=\"Leuci Motorsport MX Enduro\" \/>\n<meta property=\"article:modified_time\" content=\"2020-06-04T07:23:01+00:00\" \/>\n<meta name=\"twitter:card\" content=\"summary_large_image\" \/>\n<meta name=\"twitter:label1\" content=\"Gesch\u00e4tzte Lesezeit\" \/>\n\t<meta name=\"twitter:data1\" content=\"10\u00a0Minuten\" \/>\n<script type=\"application\/ld+json\" class=\"yoast-schema-graph\">{\"@context\":\"https:\/\/schema.org\",\"@graph\":[{\"@type\":\"WebPage\",\"@id\":\"https:\/\/leucimotorsport.de\/\",\"url\":\"https:\/\/leucimotorsport.de\/\",\"name\":\"Leuci Motorsport MX & Enduro Ersatzteile | Bekleidung - Leuci Motorsport MX Enduro\",\"isPartOf\":{\"@id\":\"https:\/\/leucimotorsport.de\/#website\"},\"datePublished\":\"2016-01-15T21:29:36+00:00\",\"dateModified\":\"2020-06-04T07:23:01+00:00\",\"breadcrumb\":{\"@id\":\"https:\/\/leucimotorsport.de\/#breadcrumb\"},\"inLanguage\":\"de\",\"potentialAction\":[{\"@type\":\"ReadAction\",\"target\":[\"https:\/\/leucimotorsport.de\/\"]}]},{\"@type\":\"BreadcrumbList\",\"@id\":\"https:\/\/leucimotorsport.de\/#breadcrumb\",\"itemListElement\":[{\"@type\":\"ListItem\",\"position\":1,\"name\":\"Startseite\",\"item\":\"https:\/\/leucimotorsport.de\/\"},{\"@type\":\"ListItem\",\"position\":2,\"name\":\"Leuci Motorsport MX &#038; Enduro Ersatzteile | Bekleidung\"}]},{\"@type\":\"WebSite\",\"@id\":\"https:\/\/leucimotorsport.de\/#website\",\"url\":\"https:\/\/leucimotorsport.de\/\",\"name\":\"Leuci Motorsport MX Enduro\",\"description\":\"Bike | Bekleidung | Ersatzeile\",\"potentialAction\":[{\"@type\":\"SearchAction\",\"target\":{\"@type\":\"EntryPoint\",\"urlTemplate\":\"https:\/\/leucimotorsport.de\/?s={search_term_string}\"},\"query-input\":\"required name=search_term_string\"}],\"inLanguage\":\"de\"}]}<\/script>\n<!-- \/ Yoast SEO plugin. -->","yoast_head_json":{"title":"Leuci Motorsport MX & Enduro Ersatzteile | Bekleidung - Leuci Motorsport MX Enduro","robots":{"index":"index","follow":"follow","max-snippet":"max-snippet:-1","max-image-preview":"max-image-preview:large","max-video-preview":"max-video-preview:-1"},"canonical":"https:\/\/leucimotorsport.de\/","og_locale":"de_DE","og_type":"article","og_title":"Leuci Motorsport MX & Enduro Ersatzteile | Bekleidung - Leuci Motorsport MX Enduro","og_url":"https:\/\/leucimotorsport.de\/","og_site_name":"Leuci Motorsport MX Enduro","article_modified_time":"2020-06-04T07:23:01+00:00","twitter_card":"summary_large_image","twitter_misc":{"Gesch\u00e4tzte Lesezeit":"10\u00a0Minuten"},"schema":{"@context":"https:\/\/schema.org","@graph":[{"@type":"WebPage","@id":"https:\/\/leucimotorsport.de\/","url":"https:\/\/leucimotorsport.de\/","name":"Leuci Motorsport MX & Enduro Ersatzteile | Bekleidung - Leuci Motorsport MX Enduro","isPartOf":{"@id":"https:\/\/leucimotorsport.de\/#website"},"datePublished":"2016-01-15T21:29:36+00:00","dateModified":"2020-06-04T07:23:01+00:00","breadcrumb":{"@id":"https:\/\/leucimotorsport.de\/#breadcrumb"},"inLanguage":"de","potentialAction":[{"@type":"ReadAction","target":["https:\/\/leucimotorsport.de\/"]}]},{"@type":"BreadcrumbList","@id":"https:\/\/leucimotorsport.de\/#breadcrumb","itemListElement":[{"@type":"ListItem","position":1,"name":"Startseite","item":"https:\/\/leucimotorsport.de\/"},{"@type":"ListItem","position":2,"name":"Leuci Motorsport MX &#038; Enduro Ersatzteile | Bekleidung"}]},{"@type":"WebSite","@id":"https:\/\/leucimotorsport.de\/#website","url":"https:\/\/leucimotorsport.de\/","name":"Leuci Motorsport MX Enduro","description":"Bike | Bekleidung | Ersatzeile","potentialAction":[{"@type":"SearchAction","target":{"@type":"EntryPoint","urlTemplate":"https:\/\/leucimotorsport.de\/?s={search_term_string}"},"query-input":"required name=search_term_string"}],"inLanguage":"de"}]}},"_links":{"self":[{"href":"https:\/\/leucimotorsport.de\/index.php\/wp-json\/wp\/v2\/pages\/18"}],"collection":[{"href":"https:\/\/leucimotorsport.de\/index.php\/wp-json\/wp\/v2\/pages"}],"about":[{"href":"https:\/\/leucimotorsport.de\/index.php\/wp-json\/wp\/v2\/types\/page"}],"author":[{"embeddable":true,"href":"https:\/\/leucimotorsport.de\/index.php\/wp-json\/wp\/v2\/users\/1"}],"replies":[{"embeddable":true,"href":"https:\/\/leucimotorsport.de\/index.php\/wp-json\/wp\/v2\/comments?post=18"}],"version-history":[{"count":31,"href":"https:\/\/leucimotorsport.de\/index.php\/wp-json\/wp\/v2\/pages\/18\/revisions"}],"predecessor-version":[{"id":3518,"href":"https:\/\/leucimotorsport.de\/index.php\/wp-json\/wp\/v2\/pages\/18\/revisions\/3518"}],"wp:attachment":[{"href":"https:\/\/leucimotorsport.de\/index.php\/wp-json\/wp\/v2\/media?parent=18"}],"curies":[{"name":"wp","href":"https:\/\/api.w.org\/{rel}","templated":true}]}}